{"id":11,"date":"2024-01-13T21:16:45","date_gmt":"2024-01-13T21:16:45","guid":{"rendered":"https:\/\/mspowerhand.com\/?page_id=11"},"modified":"2026-03-31T08:25:32","modified_gmt":"2026-03-31T08:25:32","slug":"hakkimizda","status":"publish","type":"page","link":"https:\/\/mspowerhand.com\/index.php\/hakkimizda\/","title":{"rendered":"Hakk\u0131m\u0131zda"},"content":{"rendered":"\n<p>Firmam\u0131z kuruldu\u011fu g\u00fcnden bu yana gerek yurt i\u00e7inde gerekse yurtd\u0131\u015f\u0131nda konut in\u015faat\u0131 alan\u0131nda uzmanl\u0131k isteyen al\u0131\u015fmalar i\u00e7in sonsuz \u00f6zverisini g\u00fcn\u00fcm\u00fcz teknolojisi ile birle\u015ftirerek m\u00fckemmel bir altyap\u0131  olu\u015fturmu\u015ftur. B\u00f6ylelikle g\u00fcn\u00fcm\u00fcz ko\u015fullar\u0131na uyarl\u0131 rahatl\u0131\u011f\u0131n ve konforun s\u0131n\u0131rs\u0131zca hissedildi\u011fi alanlar \u00fcretmi\u015ftir. Zaman ve kalite bizim i\u00e7in \u00e7ok \u00f6nemlidir. Bu nedenle mevcut projelerimizi taahh\u00fct etti\u011fimiz zaman ve kalitede siz de\u011ferli m\u00fc\u015fterilerimize sunmak bizim i\u00e7in olmazsa olmaz\u0131m\u0131zd\u0131r. <\/p>\n\n\n\n<p>\u0130nsanlar\u0131n mutlu bir \u015fekilde ya\u015fayabilece\u011fi proje alan\u0131na uygun ak\u0131lc\u0131 \u00e7\u00f6z\u00fcmler \u00fcretmek temel yakla\u015f\u0131m\u0131m\u0131zd\u0131r.<\/p>\n","protected":false},"excerpt":{"rendered":"<p>Firmam\u0131z kuruldu\u011fu g\u00fcnden bu yana gerek yurt i\u00e7inde gerekse yurtd\u0131\u015f\u0131nda konut in\u015faat\u0131 alan\u0131nda uzmanl\u0131k isteyen al\u0131\u015fmalar i\u00e7in sonsuz \u00f6zverisini g\u00fcn\u00fcm\u00fcz teknolojisi ile birle\u015ftirerek m\u00fckemmel bir altyap\u0131 olu\u015fturmu\u015ftur. B\u00f6ylelikle g\u00fcn\u00fcm\u00fcz ko\u015fullar\u0131na uyarl\u0131 rahatl\u0131\u011f\u0131n ve konforun s\u0131n\u0131rs\u0131zca hissedildi\u011fi alanlar \u00fcretmi\u015ftir. Zaman ve kalite bizim i\u00e7in \u00e7ok \u00f6nemlidir. Bu nedenle mevcut projelerimizi taahh\u00fct etti\u011fimiz zaman ve kalitede siz [&hellip;]<\/p>\n","protected":false},"author":1,"featured_media":8,"parent":0,"menu_order":0,"comment_status":"closed","ping_status":"closed","template":"","meta":{"saved_in_kubio":false,"footnotes":""},"class_list":["post-11","page","type-page","status-publish","has-post-thumbnail","hentry"],"kubio_ai_page_context":{"short_desc":"","purpose":"general"},"_links":{"self":[{"href":"https:\/\/mspowerhand.com\/index.php\/wp-json\/wp\/v2\/pages\/11","targetHints":{"allow":["GET"]}}],"collection":[{"href":"https:\/\/mspowerhand.com\/index.php\/wp-json\/wp\/v2\/pages"}],"about":[{"href":"https:\/\/mspowerhand.com\/index.php\/wp-json\/wp\/v2\/types\/page"}],"author":[{"embeddable":true,"href":"https:\/\/mspowerhand.com\/index.php\/wp-json\/wp\/v2\/users\/1"}],"replies":[{"embeddable":true,"href":"https:\/\/mspowerhand.com\/index.php\/wp-json\/wp\/v2\/comments?post=11"}],"version-history":[{"count":2,"href":"https:\/\/mspowerhand.com\/index.php\/wp-json\/wp\/v2\/pages\/11\/revisions"}],"predecessor-version":[{"id":84,"href":"https:\/\/mspowerhand.com\/index.php\/wp-json\/wp\/v2\/pages\/11\/revisions\/84"}],"wp:featuredmedia":[{"embeddable":true,"href":"https:\/\/mspowerhand.com\/index.php\/wp-json\/wp\/v2\/media\/8"}],"wp:attachment":[{"href":"https:\/\/mspowerhand.com\/index.php\/wp-json\/wp\/v2\/media?parent=11"}],"curies":[{"name":"wp","href":"https:\/\/api.w.org\/{rel}","templated":true}]}}